{"id":405,"date":"2019-05-29T08:58:41","date_gmt":"2019-05-29T06:58:41","guid":{"rendered":"http:\/\/lesdelicestoques.fr\/?page_id=405"},"modified":"2022-01-17T15:56:34","modified_gmt":"2022-01-17T14:56:34","slug":"notre-concept-2","status":"publish","type":"page","link":"https:\/\/lesdelicestoques.fr\/index.php\/notre-concept-2\/","title":{"rendered":"Notre concept"},"content":{"rendered":"\n<h2>Notre concept<\/h2>\n\n\n\n<p>Les d\u00e9lices toqu\u00e9s est une enseigne de restauration rapide de qualit\u00e9. Notre souhait est de r\u00e9concilier restauration rapide et gastronomie fran\u00e7aise.<\/p>\n\n\n\n<p>Nos valeurs reposent sur 3 piliers, du fait maison, des produits frais et des produits de Savoie ou fran\u00e7ais.<\/p>\n\n\n\n<h1><em><strong>Fait maison<\/strong><\/em><\/h1>\n\n\n\n<h1><em><strong><a href=\"https:\/\/www.economie.gouv.fr\/fait-maison\"><\/a><\/strong><\/em><\/h1>\n\n\n\n<p>L&rsquo;ensemble de nos produits &nbsp;sont \u00e9labor\u00e9s sur place par nos cuisiniers. Par souci de transparence et pour d\u00e9montrer notre engagement dans le fait maison, la cuisine est visible par tous.<\/p>\n\n\n\n<h1><em><strong>Produits frais et locaux<\/strong><\/em><\/h1>\n\n\n\n<div class=\"wp-block-image\"><figure class=\"alignright\"><img loading=\"lazy\" width=\"150\" height=\"150\" src=\"http:\/\/lesdelicestoques.fr\/wp-content\/uploads\/2017\/09\/croix-de-savoie-150x150.png\" alt=\"\" class=\"wp-image-251\" srcset=\"https:\/\/lesdelicestoques.fr\/wp-content\/uploads\/2017\/09\/croix-de-savoie-150x150.png 150w, https:\/\/lesdelicestoques.fr\/wp-content\/uploads\/2017\/09\/croix-de-savoie-100x100.png 100w\" sizes=\"(max-width: 150px) 100vw, 150px\" \/><\/figure><\/div>\n\n\n\n<div class=\"wp-block-image\"><figure class=\"alignright\"><img loading=\"lazy\" width=\"150\" height=\"150\" src=\"http:\/\/lesdelicestoques.fr\/wp-content\/uploads\/2017\/09\/le-travail-des-produits-frais-en-cuisine-150x150.jpg\" alt=\"\" class=\"wp-image-250\" srcset=\"https:\/\/lesdelicestoques.fr\/wp-content\/uploads\/2017\/09\/le-travail-des-produits-frais-en-cuisine-150x150.jpg 150w, https:\/\/lesdelicestoques.fr\/wp-content\/uploads\/2017\/09\/le-travail-des-produits-frais-en-cuisine-100x100.jpg 100w\" sizes=\"(max-width: 150px) 100vw, 150px\" \/><\/figure><\/div>\n\n\n\n<p>Tous nos produits sont fabriqu\u00e9s \u00e0 partir de mati\u00e8re premi\u00e8re de qualit\u00e9, frais et locaux.<\/p>\n\n\n\n<p>Notre carte suit les saisons pour vous proposer des produits savoyards ou fran\u00e7ais toute l&rsquo;ann\u00e9e.<\/p>\n","protected":false},"excerpt":{"rendered":"<p>Notre concept Les d\u00e9lices toqu\u00e9s est une enseigne de restauration rapide de qualit\u00e9. Notre souhait est de r\u00e9concilier restauration rapide et gastronomie fran\u00e7aise. Nos valeurs reposent sur 3 piliers, du fait maison, des produits frais et des produits de Savoie ou fran\u00e7ais. Fait maison L&rsquo;ensemble de nos produits &nbsp;sont \u00e9labor\u00e9s [&hellip;]<\/p>\n","protected":false},"author":1,"featured_media":0,"parent":0,"menu_order":0,"comment_status":"closed","ping_status":"closed","template":"","meta":[],"_links":{"self":[{"href":"https:\/\/lesdelicestoques.fr\/index.php\/wp-json\/wp\/v2\/pages\/405"}],"collection":[{"href":"https:\/\/lesdelicestoques.fr\/index.php\/wp-json\/wp\/v2\/pages"}],"about":[{"href":"https:\/\/lesdelicestoques.fr\/index.php\/wp-json\/wp\/v2\/types\/page"}],"author":[{"embeddable":true,"href":"https:\/\/lesdelicestoques.fr\/index.php\/wp-json\/wp\/v2\/users\/1"}],"replies":[{"embeddable":true,"href":"https:\/\/lesdelicestoques.fr\/index.php\/wp-json\/wp\/v2\/comments?post=405"}],"version-history":[{"count":3,"href":"https:\/\/lesdelicestoques.fr\/index.php\/wp-json\/wp\/v2\/pages\/405\/revisions"}],"predecessor-version":[{"id":810,"href":"https:\/\/lesdelicestoques.fr\/index.php\/wp-json\/wp\/v2\/pages\/405\/revisions\/810"}],"wp:attachment":[{"href":"https:\/\/lesdelicestoques.fr\/index.php\/wp-json\/wp\/v2\/media?parent=405"}],"curies":[{"name":"wp","href":"https:\/\/api.w.org\/{rel}","templated":true}]}}