{"id":28,"date":"2017-09-12T17:07:11","date_gmt":"2017-09-12T15:07:11","guid":{"rendered":"http:\/\/lesdelicestoques.fr\/?page_id=28"},"modified":"2022-01-17T15:57:51","modified_gmt":"2022-01-17T14:57:51","slug":"accueil","status":"publish","type":"page","link":"https:\/\/lesdelicestoques.fr\/","title":{"rendered":"Accueil"},"content":{"rendered":"\n<div class=\"wp-block-themeisle-blocks-advanced-columns has-1-columns has-desktop-equal-layout has-tablet-equal-layout has-mobile-equal-layout has-default-gap has-vertical-unset\" id=\"wp-block-themeisle-blocks-advanced-columns-68dfe01e\" style=\"border-width:0px;border-style:solid;border-color:#000000;border-radius:0px;justify-content:unset\"><div class=\"wp-themeisle-block-overlay\" style=\"opacity:0.5;mix-blend-mode:normal\"><\/div><div class=\"innerblocks-wrap\">\n<div class=\"wp-block-themeisle-blocks-advanced-column\" id=\"wp-block-themeisle-blocks-advanced-column-2b9e8494\" style=\"border-width:0px;border-style:solid;border-color:#000000;border-radius:0px\">\n<p><\/p>\n<\/div>\n<\/div><\/div>\n\n\n\n<h1><\/h1>\n\n\n\n<h1><\/h1>\n\n\n\n<div class=\"wp-block-themeisle-blocks-advanced-columns alignfull has-1-columns has-desktop-equal-layout has-tablet-equal-layout has-mobile-equal-layout has-default-gap has-vertical-unset\" id=\"wp-block-themeisle-blocks-advanced-columns-f2bf105e\" style=\"border-width:0px;border-style:solid;border-color:#000000;border-radius:0px;justify-content:unset\"><div class=\"wp-themeisle-block-overlay\" style=\"opacity:0.5;mix-blend-mode:normal\"><\/div><div class=\"innerblocks-wrap\">\n<div class=\"wp-block-themeisle-blocks-advanced-column\" id=\"wp-block-themeisle-blocks-advanced-column-794c5cda\" style=\"border-width:0px;border-style:solid;border-color:#000000;border-radius:0px\">\n<div class=\"wp-block-themeisle-blocks-advanced-columns alignfull has-1-columns has-desktop-equal-layout has-tablet-equal-layout has-mobile-equal-layout has-default-gap has-vertical-unset\" id=\"wp-block-themeisle-blocks-advanced-columns-09d77339\" style=\"border-width:0px;border-style:solid;border-color:#000000;border-radius:0px;justify-content:center\"><div class=\"wp-themeisle-block-overlay\" style=\"opacity:0.5;mix-blend-mode:normal\"><\/div><div class=\"innerblocks-wrap\" style=\"max-width:1170px\">\n<div class=\"wp-block-themeisle-blocks-advanced-column\" id=\"wp-block-themeisle-blocks-advanced-column-370f07fc\" style=\"border-width:0px;border-style:solid;border-color:#000000;border-radius:0px\">\n<h2 id=\"wp-block-themeisle-blocks-advanced-heading-2ed0d653\" class=\"wp-block-themeisle-blocks-advanced-heading wp-block-themeisle-blocks-advanced-heading-2ed0d653\" style=\"color:#3c4858;font-family:Roboto Slab;font-weight:700;font-style:normal;text-transform:none;line-height:58px\">Ce que nos clients aiment<\/h2>\n\n\n\n<h5 id=\"wp-block-themeisle-blocks-advanced-heading-53f8f6e1\" class=\"wp-block-themeisle-blocks-advanced-heading wp-block-themeisle-blocks-advanced-heading-53f8f6e1\" style=\"color:#999999;font-family:Roboto;font-weight:300;font-style:normal;text-transform:none;line-height:27px\"><\/h5>\n\n\n\n<div class=\"wp-block-themeisle-blocks-advanced-columns alignfull has-3-columns has-desktop-equal-layout has-tablet-equal-layout has-mobile-collapsedRows-layout has-extended-gap has-vertical-unset\" id=\"wp-block-themeisle-blocks-advanced-columns-b78a0299\" style=\"border-width:0px;border-style:solid;border-color:#000000;border-radius:0px;justify-content:center\"><div class=\"wp-themeisle-block-overlay\" style=\"opacity:0.5;mix-blend-mode:normal\"><\/div><div class=\"innerblocks-wrap\" style=\"max-width:1140px\">\n<div class=\"wp-block-themeisle-blocks-advanced-column\" id=\"wp-block-themeisle-blocks-advanced-column-566dbf1d\" style=\"border-width:0px;border-style:solid;border-color:#000000;border-radius:0px\">\n<div class=\"wp-block-image\"><figure class=\"aligncenter is-resized\"><img loading=\"lazy\" src=\"http:\/\/lesdelicestoques.fr\/wp-content\/uploads\/2019\/05\/images-150x150.png\" alt=\"\" class=\"wp-image-465\" width=\"124\" height=\"124\"\/><\/figure><\/div>\n\n\n\n<h4 id=\"wp-block-themeisle-blocks-advanced-heading-5138f49e\" class=\"wp-block-themeisle-blocks-advanced-heading wp-block-themeisle-blocks-advanced-heading-5138f49e\" style=\"color:#000000;font-family:Roboto Slab;font-weight:700;font-style:normal;text-transform:none\">Restaurant<\/h4>\n\n\n\n<p id=\"wp-block-themeisle-blocks-advanced-heading-89a99550\" class=\"wp-block-themeisle-blocks-advanced-heading wp-block-themeisle-blocks-advanced-heading-89a99550\" style=\"color:#999999;font-family:Roboto;font-weight:300;font-style:normal;text-transform:none\">Sur place ou \u00e0 emporter, sur le pouce ou \u00e0 l&rsquo;assiette, venez d\u00e9couvrir nos sp\u00e9cialit\u00e9s compl\u00e8tement Toqu\u00e9s !<\/p>\n\n\n\n<p><\/p>\n<\/div>\n\n\n\n<div class=\"wp-block-themeisle-blocks-advanced-column\" id=\"wp-block-themeisle-blocks-advanced-column-b9d29fae\" style=\"border-width:0px;border-style:solid;border-color:#000000;border-radius:0px\">\n<div class=\"wp-block-image\"><figure class=\"aligncenter is-resized\"><img loading=\"lazy\" src=\"http:\/\/lesdelicestoques.fr\/wp-content\/uploads\/2017\/09\/LOGO_FAITMAISON_clair_WEB.png\" alt=\"\" class=\"wp-image-247\" width=\"122\" height=\"122\"\/><\/figure><\/div>\n\n\n\n<h4 id=\"wp-block-themeisle-blocks-advanced-heading-9943515b\" class=\"wp-block-themeisle-blocks-advanced-heading wp-block-themeisle-blocks-advanced-heading-9943515b\" style=\"color:#000000;font-family:Roboto Slab;font-weight:700;font-style:normal;text-transform:none\">100% Maison<\/h4>\n\n\n\n<p id=\"wp-block-themeisle-blocks-advanced-heading-1983a9e3\" class=\"wp-block-themeisle-blocks-advanced-heading wp-block-themeisle-blocks-advanced-heading-1983a9e3\" style=\"color:#999999;font-family:Roboto;font-weight:300;font-style:normal;text-transform:none\">Des plats \u00e9labor\u00e9s sur place \u00e0 partir de produits frais et de qualit\u00e9. <\/p>\n\n\n\n<p><\/p>\n<\/div>\n\n\n\n<div class=\"wp-block-themeisle-blocks-advanced-column\" id=\"wp-block-themeisle-blocks-advanced-column-0c6587e6\" style=\"border-width:0px;border-style:solid;border-color:#000000;border-radius:0px\">\n<div class=\"wp-block-image\"><figure class=\"aligncenter is-resized\"><img loading=\"lazy\" src=\"http:\/\/lesdelicestoques.fr\/wp-content\/uploads\/2019\/05\/images-150x150.jpg\" alt=\"\" class=\"wp-image-471\" width=\"128\" height=\"128\" srcset=\"https:\/\/lesdelicestoques.fr\/wp-content\/uploads\/2019\/05\/images-150x150.jpg 150w, https:\/\/lesdelicestoques.fr\/wp-content\/uploads\/2019\/05\/images.jpg 225w\" sizes=\"(max-width: 128px) 100vw, 128px\" \/><\/figure><\/div>\n\n\n\n<h4 id=\"wp-block-themeisle-blocks-advanced-heading-ee60e590\" class=\"wp-block-themeisle-blocks-advanced-heading wp-block-themeisle-blocks-advanced-heading-ee60e590\" style=\"color:#000000;font-family:Roboto Slab;font-weight:700;font-style:normal;text-transform:none\">Petit d\u00e9j<\/h4>\n\n\n\n<p id=\"wp-block-themeisle-blocks-advanced-heading-65626c1d\" class=\"wp-block-themeisle-blocks-advanced-heading wp-block-themeisle-blocks-advanced-heading-65626c1d\" style=\"color:#999999;font-family:Roboto;font-weight:300;font-style:normal;text-transform:none\">Viennoiseries artisanales, caf\u00e9 de qualit\u00e9, jus d&rsquo;orange press\u00e9, autant de bonnes raison de faire une petite pause au Toqu\u00e9s<\/p>\n\n\n\n<p><\/p>\n<\/div>\n<\/div><\/div>\n\n\n\n<p><\/p>\n<\/div>\n<\/div><\/div>\n<\/div>\n<\/div><\/div>\n","protected":false},"excerpt":{"rendered":"","protected":false},"author":1,"featured_media":0,"parent":0,"menu_order":0,"comment_status":"closed","ping_status":"closed","template":"","meta":[],"_links":{"self":[{"href":"https:\/\/lesdelicestoques.fr\/index.php\/wp-json\/wp\/v2\/pages\/28"}],"collection":[{"href":"https:\/\/lesdelicestoques.fr\/index.php\/wp-json\/wp\/v2\/pages"}],"about":[{"href":"https:\/\/lesdelicestoques.fr\/index.php\/wp-json\/wp\/v2\/types\/page"}],"author":[{"embeddable":true,"href":"https:\/\/lesdelicestoques.fr\/index.php\/wp-json\/wp\/v2\/users\/1"}],"replies":[{"embeddable":true,"href":"https:\/\/lesdelicestoques.fr\/index.php\/wp-json\/wp\/v2\/comments?post=28"}],"version-history":[{"count":15,"href":"https:\/\/lesdelicestoques.fr\/index.php\/wp-json\/wp\/v2\/pages\/28\/revisions"}],"predecessor-version":[{"id":940,"href":"https:\/\/lesdelicestoques.fr\/index.php\/wp-json\/wp\/v2\/pages\/28\/revisions\/940"}],"wp:attachment":[{"href":"https:\/\/lesdelicestoques.fr\/index.php\/wp-json\/wp\/v2\/media?parent=28"}],"curies":[{"name":"wp","href":"https:\/\/api.w.org\/{rel}","templated":true}]}}